{"id":6598,"date":"2020-07-14T16:14:58","date_gmt":"2020-07-14T16:14:58","guid":{"rendered":"https:\/\/blogdobrito.com.br\/loja\/?post_type=product&#038;p=6598"},"modified":"2020-12-04T09:28:50","modified_gmt":"2020-12-04T09:28:50","slug":"e-book-200-caricaturas-de-astros-da-musica-nacional-e-internacional","status":"publish","type":"product","link":"https:\/\/blogdobrito.com\/loja\/produto\/e-book-200-caricaturas-de-astros-da-musica-nacional-e-internacional\/","title":{"rendered":"E-Book: 200 caricaturas de Astros da M\u00fasica Nacional e Internacional"},"content":{"rendered":"","protected":false},"excerpt":{"rendered":"<p><span style=\"color: #000000;\">E-book<strong> 200 caricaturas<\/strong> de Astros da M\u00fasica Nacional e Internacional,<\/span> <span style=\"color: #ff9900;\">216 p\u00e1ginas, 100 caricaturas coloridas e 100 P&amp;B. Cada personagem tem duas caricaturas, uma colorida e outro em P&amp;B. As pretas e brancas servem para quem gosta e quer aprender a desenhar caricaturas tendo as coloridas como par\u00e2metro. Para os amantes de m\u00fasicas de arte t\u00eam seus \u00eddolos caricaturados com um pequenos perfil. Al\u00e9m, de servir de refer\u00eancia para profissionais do desenho.<\/span><\/p>\n<p><strong><span style=\"color: #000000;\">Obs<\/span>:<\/strong>\u00a0Mande sua foto de rosto, com boa resolu\u00e7\u00e3o, atrav\u00e9s do e-mail <span style=\"color: #000000;\">blogdobrito@gmail.com<\/span> ou <span style=\"color: #000000;\">84-9982-4413<\/span> WhatsApp.<\/p>\n<p>&nbsp;<\/p>\n","protected":false},"featured_media":7032,"comment_status":"open","ping_status":"closed","template":"","meta":[],"_links":{"self":[{"href":"https:\/\/blogdobrito.com\/loja\/wp-json\/wp\/v2\/product\/6598"}],"collection":[{"href":"https:\/\/blogdobrito.com\/loja\/wp-json\/wp\/v2\/product"}],"about":[{"href":"https:\/\/blogdobrito.com\/loja\/wp-json\/wp\/v2\/types\/product"}],"replies":[{"embeddable":true,"href":"https:\/\/blogdobrito.com\/loja\/wp-json\/wp\/v2\/comments?post=6598"}],"wp:featuredmedia":[{"embeddable":true,"href":"https:\/\/blogdobrito.com\/loja\/wp-json\/wp\/v2\/media\/7032"}],"wp:attachment":[{"href":"https:\/\/blogdobrito.com\/loja\/wp-json\/wp\/v2\/media?parent=6598"}],"curies":[{"name":"wp","href":"https:\/\/api.w.org\/{rel}","templated":true}]}}