{"id":6448,"date":"2020-07-11T15:30:23","date_gmt":"2020-07-11T15:30:23","guid":{"rendered":"https:\/\/blogdobrito.com.br\/loja\/?post_type=product&#038;p=6448"},"modified":"2020-12-04T14:45:12","modified_gmt":"2020-12-04T14:45:12","slug":"faca-sua-caricatura-5","status":"publish","type":"product","link":"https:\/\/blogdobrito.com\/loja\/produto\/faca-sua-caricatura-5\/","title":{"rendered":"Sua Caricatura Vetorial"},"content":{"rendered":"","protected":false},"excerpt":{"rendered":"<p><span style=\"color: #ff6600;\"><span style=\"color: #000000;\"><strong>Fa\u00e7a sua caricatura<\/strong> <\/span>colorida vetorial. Mande foto(s) com boa resolu\u00e7\u00e3o para o e-mail <span style=\"color: #000000;\">blogdobrito@gmail.com<\/span> ou pelo\u00a0<\/span><span style=\"color: #000000;\">WhatsApp 55 84 9982-4413<\/span><span style=\"color: #ff6600;\">.\u00a0Tr\u00eas dias \u00fateis, ap\u00f3s a identifica\u00e7\u00e3o do pagamento, o arquivo em JPEG, estar\u00e1 dispon\u00edvel para download em alta resolu\u00e7\u00e3o.<\/span><span style=\"color: #000000;\"> A caricatura postada \u00e9 ilustrativa de um cliente anterior.\u00a0<\/span><\/p>\n","protected":false},"featured_media":6449,"comment_status":"open","ping_status":"closed","template":"","meta":[],"_links":{"self":[{"href":"https:\/\/blogdobrito.com\/loja\/wp-json\/wp\/v2\/product\/6448"}],"collection":[{"href":"https:\/\/blogdobrito.com\/loja\/wp-json\/wp\/v2\/product"}],"about":[{"href":"https:\/\/blogdobrito.com\/loja\/wp-json\/wp\/v2\/types\/product"}],"replies":[{"embeddable":true,"href":"https:\/\/blogdobrito.com\/loja\/wp-json\/wp\/v2\/comments?post=6448"}],"wp:featuredmedia":[{"embeddable":true,"href":"https:\/\/blogdobrito.com\/loja\/wp-json\/wp\/v2\/media\/6449"}],"wp:attachment":[{"href":"https:\/\/blogdobrito.com\/loja\/wp-json\/wp\/v2\/media?parent=6448"}],"curies":[{"name":"wp","href":"https:\/\/api.w.org\/{rel}","templated":true}]}}