{"id":4295,"date":"2020-05-23T15:26:09","date_gmt":"2020-05-23T15:26:09","guid":{"rendered":"https:\/\/blogdobrito.com.br\/loja\/?post_type=product&#038;p=4295"},"modified":"2020-12-01T00:10:23","modified_gmt":"2020-12-01T00:10:23","slug":"e-book-milicia-no-diva","status":"publish","type":"product","link":"https:\/\/blogdobrito.com\/loja\/produto\/e-book-milicia-no-diva\/","title":{"rendered":"E-Book &#8211; Mil\u00edcia no Div\u00e3"},"content":{"rendered":"","protected":false},"excerpt":{"rendered":"<p><span style=\"color: #000000;\">PROMO\u00c7\u00c3O<br \/>\n<\/span><strong style=\"color: #222222; font-size: 24px;\"><span style=\"color: #ff0000;\">Black Friday \u2013 25% de descontos.<br \/>\n<\/span><\/strong><strong style=\"color: #222222; font-size: 24px;\">De R$ 25,00 por R$ 18,75<\/strong><\/p>\n<p><span style=\"color: #ff9900;\"><span style=\"color: #000000;\"><strong>E-book<\/strong> <\/span>com 130 charges da s\u00e9rie<span style=\"color: #000000;\"><strong> Mil\u00edcia no Div\u00e3<\/strong><\/span>, publicadas diariamente no site www.blogdobrito.com.br, criadas pelo cartunista <span style=\"color: #000000;\"><strong>Brito e Silva<\/strong><\/span>. Nesta edi\u00e7\u00e3o cont\u00e9m algumas charges in\u00e9ditas feitas exclusivas para o livro.\u00a0<\/span><\/p>\n","protected":false},"featured_media":4299,"comment_status":"open","ping_status":"closed","template":"","meta":[],"_links":{"self":[{"href":"https:\/\/blogdobrito.com\/loja\/wp-json\/wp\/v2\/product\/4295"}],"collection":[{"href":"https:\/\/blogdobrito.com\/loja\/wp-json\/wp\/v2\/product"}],"about":[{"href":"https:\/\/blogdobrito.com\/loja\/wp-json\/wp\/v2\/types\/product"}],"replies":[{"embeddable":true,"href":"https:\/\/blogdobrito.com\/loja\/wp-json\/wp\/v2\/comments?post=4295"}],"wp:featuredmedia":[{"embeddable":true,"href":"https:\/\/blogdobrito.com\/loja\/wp-json\/wp\/v2\/media\/4299"}],"wp:attachment":[{"href":"https:\/\/blogdobrito.com\/loja\/wp-json\/wp\/v2\/media?parent=4295"}],"curies":[{"name":"wp","href":"https:\/\/api.w.org\/{rel}","templated":true}]}}