{"id":3491,"date":"2020-05-03T13:25:17","date_gmt":"2020-05-03T13:25:17","guid":{"rendered":"https:\/\/blogdobrito.com.br\/loja\/?post_type=product&#038;p=3491"},"modified":"2021-04-06T14:00:41","modified_gmt":"2021-04-06T14:00:41","slug":"faca-um-desenho-de-sua-mae","status":"publish","type":"product","link":"https:\/\/blogdobrito.com\/loja\/produto\/faca-um-desenho-de-sua-mae\/","title":{"rendered":"Seu desenho vetorial"},"content":{"rendered":"","protected":false},"excerpt":{"rendered":"<p><span style=\"color: #ff6600;\"><span style=\"color: #000000;\"><strong>Fa\u00e7a seu desenho<\/strong> <\/span>colorido vetorial. Mande foto(s) com boa resolu\u00e7\u00e3o para o e-mail <span style=\"color: #000000;\">blogdobrito@gmail.com<\/span> ou pelo\u00a0<\/span><span style=\"color: #000000;\">WhatsApp 55 84 9982-4413<\/span><span style=\"color: #ff6600;\">.\u00a0Tr\u00eas dias \u00fateis, ap\u00f3s a identifica\u00e7\u00e3o do pagamento, o arquivo em JPEG, estar\u00e1 dispon\u00edvel para download em alta resolu\u00e7\u00e3o.<\/span><span style=\"color: #000000;\">\u00a0Desenho postado \u00e9 ilustrativo de uma cliente anterior.\u00a0<\/span><\/p>\n","protected":false},"featured_media":3492,"comment_status":"open","ping_status":"closed","template":"","meta":[],"_links":{"self":[{"href":"https:\/\/blogdobrito.com\/loja\/wp-json\/wp\/v2\/product\/3491"}],"collection":[{"href":"https:\/\/blogdobrito.com\/loja\/wp-json\/wp\/v2\/product"}],"about":[{"href":"https:\/\/blogdobrito.com\/loja\/wp-json\/wp\/v2\/types\/product"}],"replies":[{"embeddable":true,"href":"https:\/\/blogdobrito.com\/loja\/wp-json\/wp\/v2\/comments?post=3491"}],"wp:featuredmedia":[{"embeddable":true,"href":"https:\/\/blogdobrito.com\/loja\/wp-json\/wp\/v2\/media\/3492"}],"wp:attachment":[{"href":"https:\/\/blogdobrito.com\/loja\/wp-json\/wp\/v2\/media?parent=3491"}],"curies":[{"name":"wp","href":"https:\/\/api.w.org\/{rel}","templated":true}]}}