{"id":1679,"date":"2020-03-22T15:22:58","date_gmt":"2020-03-22T15:22:58","guid":{"rendered":"https:\/\/blogdobrito.com.br\/loja\/?post_type=product&#038;p=1679"},"modified":"2021-04-06T15:11:08","modified_gmt":"2021-04-06T15:11:08","slug":"gonzaguinha","status":"publish","type":"product","link":"https:\/\/blogdobrito.com\/loja\/produto\/gonzaguinha\/","title":{"rendered":"Caricatura de Gonzaguinha"},"content":{"rendered":"","protected":false},"excerpt":{"rendered":"<p>Caricatura vetorial colorida do cantor americano <span style=\"color: #ff9900;\"> <span style=\"color: #000000;\">Gonzaguinha<\/span> <\/span>com fundo branco, desenhada pelo cartunista Brito e Silva. A partir do momento da identifica\u00e7\u00e3o do pagamento, o arquivo em JPEG, estar\u00e1 dispon\u00edvel para download em alta resolu\u00e7\u00e3o.<\/p>\n<p><strong><span style=\"color: #000000;\">S\u00e3o 100 caricaturas<\/span>:<\/strong> <span style=\"color: #ff9900;\"><a style=\"color: #ff9900;\" href=\"https:\/\/blogdobrito.com.br\/loja\/produto\/adriana-calcanhotto\/\">Adriana Calcanhoto<\/a>\u00a0<a style=\"color: #ff9900;\" href=\"https:\/\/blogdobrito.com.br\/loja\/produto\/alceu-valenca\/\">Alceu Valen\u00e7a- <\/a><a style=\"color: #ff9900;\" href=\"https:\/\/blogdobrito.com.br\/loja\/produto\/alcione\/\">Alcione<\/a> \u2013\u00a0<a style=\"color: #ff9900;\" href=\"https:\/\/blogdobrito.com.br\/loja\/produto\/alice-cooper-vetorial\/\">Alice Cooper<\/a> \u2013\u00a0<a style=\"color: #ff9900;\" href=\"https:\/\/blogdobrito.com.br\/loja\/produto\/amy-winehouse-vetorial\/?preview_id=1409&amp;preview_nonce=e6fdce8ec1&amp;_thumbnail_id=1411&amp;preview=true\">Amy Winehouse<\/a> \u2013\u00a0<a style=\"color: #ff9900;\" href=\"https:\/\/blogdobrito.com.br\/loja\/produto\/arnaldo-atunes\/?preview_id=1413&amp;preview_nonce=de6cc4f02b&amp;_thumbnail_id=1414&amp;preview=true\">Arnaldo Antunes<\/a> \u2013\u00a0<a style=\"color: #ff9900;\" href=\"https:\/\/blogdobrito.com.br\/loja\/produto\/barri-gibb\/\">Barry Gibb<\/a> \u2013\u00a0B<a style=\"color: #ff9900;\" href=\"https:\/\/blogdobrito.com.br\/loja\/produto\/b-b-king\/\">B King<\/a> \u2013\u00a0<a style=\"color: #ff9900;\" href=\"ttps:\/\/blogdobrito.com.br\/loja\/produto\/belchior\/\">Belchior<\/a> \u2013\u00a0<a style=\"color: #ff9900;\" href=\"https:\/\/blogdobrito.com.br\/loja\/produto\/benito-di-paula\/\">Benito di Paula<\/a> \u2013\u00a0<a style=\"color: #ff9900;\" href=\"https:\/\/blogdobrito.com.br\/loja\/produto\/beth-carvalho\/\">Beth Carvalho<\/a> \u2013\u00a0<a style=\"color: #ff9900;\" href=\"https:\/\/blogdobrito.com.br\/loja\/produto\/bob-dylan\/\">Bob Dylan<\/a> \u2013\u00a0<a style=\"color: #ff9900;\" href=\"https:\/\/blogdobrito.com.br\/loja\/produto\/bob-marley\/\">Bob Marley<\/a> \u2013\u00a0<a style=\"color: #ff9900;\" href=\"https:\/\/blogdobrito.com.br\/loja\/produto\/brad-whitford\/\">Brad Whitford<\/a> \u2013\u00a0<a style=\"color: #ff9900;\" href=\"https:\/\/blogdobrito.com.br\/loja\/produto\/branco-melo\/\">Branco Mello<\/a> \u2013\u00a0<a style=\"color: #ff9900;\" href=\"https:\/\/blogdobrito.com.br\/loja\/produto\/caetano-veloso\/\">Caetano Veloso<\/a> \u2013\u00a0<a style=\"color: #ff9900;\" href=\"https:\/\/blogdobrito.com.br\/loja\/produto\/carlinhos-brown\/\">Carlinhos Brown<\/a> \u2013\u00a0<a style=\"color: #ff9900;\" href=\"https:\/\/blogdobrito.com.br\/loja\/produto\/cartola\/\">Cartola<\/a> \u2013\u00a0<a style=\"color: #ff9900;\" href=\"https:\/\/blogdobrito.com.br\/loja\/produto\/charlie-watts\/\">Charlie Watts<\/a> \u2013\u00a0<a style=\"color: #ff9900;\" href=\"https:\/\/blogdobrito.com.br\/loja\/produto\/chico-buarque\/\">Chico Buarque<\/a> \u2013\u00a0<a style=\"color: #ff9900;\" href=\"https:\/\/blogdobrito.com.br\/loja\/produto\/chico-cesar\/\">Chico C\u00e9sar<\/a> \u2013\u00a0<a style=\"color: #ff9900;\" href=\"https:\/\/blogdobrito.com.br\/loja\/produto\/cindy-lauper\/\">Cindy Lauper<\/a> \u2013\u00a0<a style=\"color: #ff9900;\" href=\"https:\/\/blogdobrito.com.br\/loja\/produto\/clara-nunes\/\">Clara Nunes<\/a> \u2013\u00a0<a style=\"color: #ff9900;\" href=\"https:\/\/blogdobrito.com.br\/loja\/produto\/dan-ashley\/\">Dan Ashaley<\/a> \u2013\u00a0D<a style=\"color: #ff9900;\" href=\"https:\/\/blogdobrito.com.br\/loja\/produto\/david-bowie\/\">avid Bowie<\/a> \u2013\u00a0<a style=\"color: #ff9900;\" href=\"https:\/\/blogdobrito.com.br\/loja\/produto\/david-gilmour\/\">David Gilmour<\/a> \u2013\u00a0<a style=\"color: #ff9900;\" href=\"https:\/\/blogdobrito.com.br\/loja\/produto\/demis-roussos\/\">Demis Roussos<\/a> \u2013\u00a0<a style=\"color: #ff9900;\" href=\"https:\/\/blogdobrito.com.br\/loja\/produto\/djavan\/\">Djavan<\/a> \u2013\u00a0<a style=\"color: #ff9900;\" href=\"https:\/\/blogdobrito.com.br\/loja\/produto\/elba-ramalho\/\">Elba Ramalho<\/a> \u2013\u00a0<a style=\"color: #ff9900;\" href=\"https:\/\/blogdobrito.com.br\/loja\/produto\/elis-regina\/\">Elis Regina<\/a> \u2013\u00a0<a style=\"color: #ff9900;\" href=\"https:\/\/blogdobrito.com.br\/loja\/produto\/elton-john\/\">Elton John<\/a> \u2013\u00a0<a style=\"color: #ff9900;\" href=\"https:\/\/blogdobrito.com.br\/loja\/produto\/elvis-presley\/\">Elvis Presley<\/a> \u2013\u00a0<a style=\"color: #ff9900;\" href=\"https:\/\/blogdobrito.com.br\/loja\/produto\/erasmo-carlos\/\">Erasmo Carlos<\/a> \u2013\u00a0<a style=\"color: #ff9900;\" href=\"https:\/\/blogdobrito.com.br\/loja\/produto\/fagner\/\">Fagner<\/a> \u2013\u00a0<a style=\"color: #ff9900;\" href=\"https:\/\/blogdobrito.com.br\/loja\/produto\/freddie-mercury\/\">Freddie Mercury<\/a> \u2013\u00a0<a style=\"color: #ff9900;\" href=\"https:\/\/blogdobrito.com.br\/loja\/produto\/fernanda-takai\/\">Fernanda Takai<\/a> \u2013\u00a0<a style=\"color: #ff9900;\" href=\"https:\/\/blogdobrito.com.br\/loja\/produto\/george-harrison\/\">George Harrison<\/a> \u2013\u00a0<a style=\"color: #ff9900;\" href=\"https:\/\/blogdobrito.com.br\/loja\/produto\/gilberto-gil\/\">Gilberto Gil<\/a> \u2013\u00a0<a style=\"color: #ff9900;\" href=\"https:\/\/blogdobrito.com.br\/loja\/produto\/gonzaguinha\/\">Gonzaguinha<\/a> \u2013\u00a0<a style=\"color: #ff9900;\" href=\"https:\/\/blogdobrito.com.br\/loja\/produto\/hermeto-pascoal\/\">Hermeto Pascoal<\/a> \u2013<a style=\"color: #ff9900;\" href=\"https:\/\/blogdobrito.com.br\/loja\/produto\/ivan-lins\/\">\u00a0Ivan Lins<\/a> \u2013\u00a0<a style=\"color: #ff9900;\" href=\"https:\/\/blogdobrito.com.br\/loja\/produto\/jackson-do-pandeiro\/\">Jackson do Pandeiro<\/a> \u2013\u00a0<a style=\"color: #ff9900;\" href=\"https:\/\/blogdobrito.com.br\/loja\/produto\/james-brown\/\">James Brown<\/a> \u2013\u00a0J<a style=\"color: #ff9900;\" href=\"https:\/\/blogdobrito.com.br\/loja\/produto\/james-taylor\/\">ames Taylor<\/a> \u2013\u00a0<a style=\"color: #ff9900;\" href=\"https:\/\/blogdobrito.com.br\/loja\/produto\/jimi-hendrix\/\">Jimi Hendrix<\/a> \u2013\u00a0<a style=\"color: #ff9900;\" href=\"https:\/\/blogdobrito.com.br\/loja\/produto\/jimmy-page\/\">Jimmy Page<\/a> \u2013\u00a0<a style=\"color: #ff9900;\" href=\"https:\/\/blogdobrito.com.br\/loja\/produto\/joao-bosco\/\">Jo\u00e3o Bosco<\/a> \u2013\u00a0<a style=\"color: #ff9900;\" href=\"https:\/\/blogdobrito.com.br\/loja\/produto\/joao-gilberto\/\">Jo\u00e3o Gilberto<\/a> \u2013\u00a0<a style=\"color: #ff9900;\" href=\"https:\/\/blogdobrito.com.br\/loja\/produto\/john-denver\/\">John Denver<\/a> \u2013\u00a0<a style=\"color: #ff9900;\" href=\"https:\/\/blogdobrito.com.br\/loja\/produto\/john-lennon\/\">John Lennon<\/a> \u2013\u00a0<a style=\"color: #ff9900;\" href=\"https:\/\/blogdobrito.com.br\/loja\/produto\/jorge-aragao\/\">Jorge Arag\u00e3o<\/a> \u2013\u00a0<a style=\"color: #ff9900;\" href=\"https:\/\/blogdobrito.com.br\/loja\/produto\/keith-richards\/\">Keith Richards<\/a> \u2013<a style=\"color: #ff9900;\" href=\"https:\/\/blogdobrito.com.br\/loja\/produto\/lenine\/\">\u00a0Lenine<\/a> \u2013\u00a0<a style=\"color: #ff9900;\" href=\"https:\/\/blogdobrito.com.br\/loja\/produto\/luiz-ayrao\/\">Luiz Ayr\u00e3o<\/a> \u2013\u00a0<a style=\"color: #ff9900;\" href=\"https:\/\/blogdobrito.com.br\/loja\/produto\/luiz-gonzaga\/\">Luiz Gonzaga<\/a> \u2013\u00a0<a style=\"color: #ff9900;\" href=\"https:\/\/blogdobrito.com.br\/loja\/produto\/luiz-melodia\/\">Luiz Melodia<\/a> \u2013<a style=\"color: #ff9900;\" href=\"https:\/\/blogdobrito.com.br\/loja\/produto\/lulu-santos\/\">\u00a0Lulu Santos<\/a> \u2013\u00a0<a style=\"color: #ff9900;\" href=\"https:\/\/blogdobrito.com.br\/loja\/produto\/maria-bethania\/\">Maria Beth\u00e2nia<\/a> \u2013<a style=\"color: #ff9900;\" href=\"https:\/\/blogdobrito.com.br\/loja\/produto\/maria-gadu\/\">\u00a0Maria Gadu<\/a> \u2013\u00a0<a style=\"color: #ff9900;\" href=\"https:\/\/blogdobrito.com.br\/loja\/produto\/martinho-da-vila\/\">Martinho da Vila<\/a> \u2013\u00a0<a style=\"color: #ff9900;\" href=\"https:\/\/blogdobrito.com.br\/loja\/?s=Mercedes+Sosa\">Mercedes Sosa<\/a> \u2013\u00a0<a style=\"color: #ff9900;\" href=\"https:\/\/blogdobrito.com.br\/loja\/produto\/michael-jackson\/\">Michael Jackson<\/a> \u2013\u00a0<a style=\"color: #ff9900;\" href=\"https:\/\/blogdobrito.com.br\/loja\/produto\/mike-jagger\/\">Mike Jagger<\/a> \u2013\u00a0<a style=\"color: #ff9900;\" href=\"https:\/\/blogdobrito.com.br\/loja\/produto\/milton-nascimento\/\">Milton Nascimento<\/a> \u2013\u00a0<a style=\"color: #ff9900;\" href=\"https:\/\/blogdobrito.com.br\/loja\/produto\/nando-cordel\/\">Nando Cordel<\/a> \u2013\u00a0<a style=\"color: #ff9900;\" href=\"https:\/\/blogdobrito.com.br\/loja\/produto\/nando-reis\/\">Nando Reis<\/a> \u2013\u00a0<a style=\"color: #ff9900;\" href=\"https:\/\/blogdobrito.com.br\/loja\/produto\/nara-leao\/\">Nara Le\u00e3o<\/a> \u2013\u00a0<a style=\"color: #ff9900;\" href=\"https:\/\/blogdobrito.com.br\/loja\/produto\/nick-mason\/\">Nick Mason<\/a> \u2013\u00a0<a style=\"color: #ff9900;\" href=\"https:\/\/blogdobrito.com.br\/loja\/produto\/nina-simone\/\">Nina Simone<\/a> \u2013\u00a0<a style=\"color: #ff9900;\" href=\"https:\/\/blogdobrito.com.br\/loja\/produto\/oswaldo-montenegro\/\">Oswaldo Montenegro<\/a> \u2013\u00a0<a style=\"color: #ff9900;\" href=\"https:\/\/blogdobrito.com.br\/loja\/produto\/ozzy-osbourne\/\">Ozzy Osbourne<\/a> \u2013\u00a0<a style=\"color: #ff9900;\" href=\"https:\/\/blogdobrito.com.br\/loja\/produto\/paco-de-lucia\/\">Paco de Lucia<\/a> \u2013\u00a0<a style=\"color: #ff9900;\" href=\"https:\/\/blogdobrito.com.br\/loja\/produto\/paul-mccartney\/\">Paul McCartney<\/a> \u2013<a style=\"color: #ff9900;\" href=\"https:\/\/blogdobrito.com.br\/loja\/produto\/1821\/\">\u00a0Paulinho da Viola<\/a> \u2013\u00a0<a style=\"color: #ff9900;\" href=\"https:\/\/blogdobrito.com.br\/loja\/produto\/paulo-miklos\/\">Paulo Miklos<\/a> \u2013\u00a0<a style=\"color: #ff9900;\" href=\"https:\/\/blogdobrito.com.br\/loja\/produto\/raul-seixas\/\">Raul Seixas<\/a> \u2013\u00a0<a style=\"color: #ff9900;\" href=\"https:\/\/blogdobrito.com.br\/loja\/produto\/ray-charles\/\">Ray Charles<\/a> \u2013\u00a0<a style=\"color: #ff9900;\" href=\"https:\/\/blogdobrito.com.br\/loja\/produto\/renato-russo\/\">Renato Russo<\/a> \u2013\u00a0<a style=\"color: #ff9900;\" href=\"https:\/\/blogdobrito.com.br\/loja\/produto\/richard-wrigh\/\">Richard Wrigh<\/a> \u2013\u00a0<a style=\"color: #ff9900;\" href=\"https:\/\/blogdobrito.com.br\/loja\/produto\/ringo-starr\/\">Ringo Starr<\/a> \u2013\u00a0R<a style=\"color: #ff9900;\" href=\"https:\/\/blogdobrito.com.br\/loja\/produto\/rita-lee\/\">ita Lee<\/a> \u2013 <a style=\"color: #ff9900;\" href=\"https:\/\/blogdobrito.com.br\/loja\/produto\/rita-pavone\/\">Rita Pavone<\/a> \u2013\u00a0<a style=\"color: #ff9900;\" href=\"https:\/\/blogdobrito.com.br\/loja\/produto\/robert-plant\/\">Robert Plant<\/a> \u2013\u00a0<a style=\"color: #ff9900;\" href=\"https:\/\/blogdobrito.com.br\/loja\/produto\/roberta-sa\/\">Roberta S\u00e1<\/a> \u2013\u00a0<a style=\"color: #ff9900;\" href=\"https:\/\/blogdobrito.com.br\/loja\/produto\/roberto-carlos\/\">Roberto Carlos<\/a> \u2013<a style=\"color: #ff9900;\" href=\"https:\/\/blogdobrito.com.br\/loja\/produto\/roger-waters\/\">\u00a0Roger Waters<\/a> \u2013\u00a0<a style=\"color: #ff9900;\" href=\"https:\/\/blogdobrito.com.br\/loja\/produto\/ron-wood\/\">Ron Wood<\/a> \u2013\u00a0<a style=\"color: #ff9900;\" href=\"https:\/\/blogdobrito.com.br\/loja\/produto\/sergio-britto\/\">S\u00e9rgio Britto<\/a> \u2013\u00a0<a style=\"color: #ff9900;\" href=\"https:\/\/blogdobrito.com.br\/loja\/produto\/seu-jorge\/\">Seu Jorge<\/a> \u2013\u00a0<a style=\"color: #ff9900;\" href=\"https:\/\/blogdobrito.com.br\/loja\/produto\/sidney-magal\/\">Sidney Magal<\/a> \u2013\u00a0<a style=\"color: #ff9900;\" href=\"https:\/\/blogdobrito.com.br\/loja\/produto\/steven-tyler\/\">Steven Tyler<\/a> \u2013\u00a0<a style=\"color: #ff9900;\" href=\"https:\/\/blogdobrito.com.br\/loja\/produto\/stevie-wonder\/\">Stevie Wonder<\/a> \u2013\u00a0T<a style=\"color: #ff9900;\" href=\"https:\/\/blogdobrito.com.br\/loja\/produto\/tim-maia\/\">im Maia<\/a> \u2013 <a style=\"color: #ff9900;\" href=\"https:\/\/blogdobrito.com.br\/loja\/produto\/tina-tunner\/\">Tina Turner<\/a>\u00a0\u2013\u00a0<a style=\"color: #ff9900;\" href=\"https:\/\/blogdobrito.com.br\/loja\/produto\/tom-jobim\/\">Tom Jobim<\/a> \u2013<a style=\"color: #ff9900;\" href=\"https:\/\/blogdobrito.com.br\/loja\/produto\/tony-bellotto\/\">\u00a0Tonny Belleto<\/a> \u2013\u00a0<a style=\"color: #ff9900;\" href=\"https:\/\/blogdobrito.com.br\/loja\/produto\/vinicius-de-moraes\/\">Vinicius de Moraes<\/a> \u2013\u00a0Yamandu Costa \u2013<a style=\"color: #ff9900;\" href=\"https:\/\/blogdobrito.com.br\/loja\/produto\/ze-ramalho\/\">\u00a0Z\u00e9 Ramalho<\/a> \u2013\u00a0<a style=\"color: #ff9900;\" href=\"https:\/\/blogdobrito.com.br\/loja\/produto\/zeca-baleiro\/\">Zeca Baleiro<\/a><\/span><\/p>\n<p>Caricatura vetorial colorida do cantor americano <span style=\"color: #ff9900;\"><span style=\"color: #000000;\">George Harrison<\/span><\/span>\u00a0com fundo branco, desenhada pelo cartunista Brito e Silva. A partir do momento da identifica\u00e7\u00e3o do pagamento, o arquivo em JPEG, estar\u00e1 dispon\u00edvel para download em alta resolu\u00e7\u00e3o.<\/p>\n<p><strong><span style=\"color: #000000;\">S\u00e3o 100 caricaturas<\/span>:<\/strong>\u00a0<span style=\"color: #ff9900;\"><a style=\"color: #ff9900;\" href=\"https:\/\/blogdobrito.com.br\/loja\/produto\/adriana-calcanhotto\/\">Adriana Calcanhoto<\/a>\u00a0<a style=\"color: #ff9900;\" href=\"https:\/\/blogdobrito.com.br\/loja\/produto\/alceu-valenca\/\">Alceu Valen\u00e7a- <\/a><a style=\"color: #ff9900;\" href=\"https:\/\/blogdobrito.com.br\/loja\/produto\/alcione\/\">Alcione<\/a> \u2013\u00a0<a style=\"color: #ff9900;\" href=\"https:\/\/blogdobrito.com.br\/loja\/produto\/alice-cooper-vetorial\/\">Alice Cooper<\/a> \u2013\u00a0<a style=\"color: #ff9900;\" href=\"https:\/\/blogdobrito.com.br\/loja\/produto\/amy-winehouse-vetorial\/?preview_id=1409&amp;preview_nonce=e6fdce8ec1&amp;_thumbnail_id=1411&amp;preview=true\">Amy Winehouse<\/a> \u2013\u00a0<a style=\"color: #ff9900;\" href=\"https:\/\/blogdobrito.com.br\/loja\/produto\/arnaldo-atunes\/?preview_id=1413&amp;preview_nonce=de6cc4f02b&amp;_thumbnail_id=1414&amp;preview=true\">Arnaldo Antunes<\/a> \u2013\u00a0<a style=\"color: #ff9900;\" href=\"https:\/\/blogdobrito.com.br\/loja\/produto\/barri-gibb\/\">Barry Gibb<\/a> \u2013\u00a0BB King \u2013\u00a0Belchior \u2013\u00a0Benito di Paula \u2013\u00a0Beth Carvalho \u2013\u00a0Bob Dylan \u2013\u00a0Bob Marley \u2013\u00a0Brad Whitford \u2013\u00a0Branco Mello \u2013\u00a0Caetano Veloso \u2013\u00a0Carlinhos Brown \u2013\u00a0Cartola \u2013\u00a0CharlieWatts \u2013\u00a0Chico Buarque \u2013\u00a0Chico C\u00e9sar \u2013\u00a0Cindy Lauper \u2013\u00a0Clara Nunes \u2013\u00a0Dan Ashaley \u2013\u00a0David Bowie \u2013\u00a0David Gilmour \u2013\u00a0Demi Russos \u2013\u00a0Djavan \u2013\u00a0Elba Ramalho \u2013\u00a0Elis Regina \u2013\u00a0Elton John \u2013\u00a0Elvis Presley \u2013\u00a0Erasmo Carlos \u2013\u00a0Fagner \u2013\u00a0Freddie Mercury \u2013\u00a0Fernanda Takai \u2013\u00a0<span style=\"color: #000000;\">George Harrison<\/span> \u2013\u00a0Gilberto Gil \u2013\u00a0Gonzaguinha \u2013\u00a0Hermeto Pascoal \u2013\u00a0Ivan Lins \u2013\u00a0Jackson do Pandeiro \u2013\u00a0James Brown \u2013\u00a0James Taylor \u2013\u00a0Jimi Hendrix \u2013\u00a0Jimmy Page \u2013\u00a0Jo\u00e3o Bosco \u2013\u00a0Jo\u00e3o Gilberto \u2013\u00a0John Denver \u2013\u00a0John Lennon \u2013\u00a0Jorge Arag\u00e3o \u2013\u00a0Keith Richards \u2013\u00a0Lenine \u2013\u00a0Luiz Ayr\u00e3o \u2013\u00a0Luiz Gonzaga \u2013\u00a0Luiz Melodia \u2013\u00a0Lulu Santos \u2013\u00a0Maria Beth\u00e2nia \u2013\u00a0Maria Gadu \u2013\u00a0Martinho da Vila \u2013\u00a0Mercedes Sosa \u2013\u00a0Michael Jackson \u2013\u00a0Mike Jagger \u2013\u00a0Milton Nascimento \u2013\u00a0Nando Cordel \u2013\u00a0Nando Reis \u2013\u00a0Nara Le\u00e3o \u2013\u00a0Nick Mason \u2013\u00a0Nina Simone \u2013\u00a0Oswaldo Montenegro \u2013\u00a0Ozzy Osbourne \u2013\u00a0Paco de Lucia \u2013\u00a0Paul McCartney \u2013\u00a0Paulinho da Viola \u2013\u00a0Paulo Miklos \u2013\u00a0Raul Seixas \u2013\u00a0Ray Charles \u2013\u00a0Renato Russo \u2013\u00a0Richard Wrigh \u2013\u00a0Ringo Starr \u2013\u00a0Rita Lee \u2013\u00a0Rita Pavone \u2013\u00a0Robert Plant \u2013\u00a0Roberta S\u00e1 \u2013\u00a0Roberto Carlos \u2013\u00a0Roger Waters \u2013\u00a0Rom Wood \u2013\u00a0S\u00e9rgio Brito \u2013\u00a0Seu Jorge \u2013\u00a0Sidney Magal \u2013\u00a0Steven Tyler \u2013\u00a0Stevie Wonder \u2013\u00a0Tim Maia \u2013\u00a0Tina Tunner \u2013\u00a0Tom Jobim \u2013\u00a0Tonny Belleto \u2013\u00a0Vinicius de Moraes \u2013\u00a0Yamandu Costa \u2013\u00a0Z\u00e9 Ramalho \u2013\u00a0Zeca Baleiro<\/span><\/p>\n<p><strong>Obs<\/strong>: Proibida a reprodu\u00e7\u00e3o comercial.<\/p>\n<p>\u2026\u2026\u2026\u2026\u2026\u2026\u2026\u2026\u2026\u2026\u2026\u2026\u2026\u2026\u2026\u2026\u2026\u2026\u2026\u2026\u2026\u2026\u2026\u2026\u2026\u2026\u2026\u2026\u2026\u2026\u2026.<\/p>\n<p><strong>Obs: <\/strong>Voc\u00ea tamb\u00e9m pode ter sua caricatura vetorial colorida ao custo de R$ 200,00. Basta entrar em contato pelo e-mail<strong>blogdobrito@gmail.com<\/strong><\/p>\n","protected":false},"featured_media":1688,"comment_status":"open","ping_status":"closed","template":"","meta":[],"_links":{"self":[{"href":"https:\/\/blogdobrito.com\/loja\/wp-json\/wp\/v2\/product\/1679"}],"collection":[{"href":"https:\/\/blogdobrito.com\/loja\/wp-json\/wp\/v2\/product"}],"about":[{"href":"https:\/\/blogdobrito.com\/loja\/wp-json\/wp\/v2\/types\/product"}],"replies":[{"embeddable":true,"href":"https:\/\/blogdobrito.com\/loja\/wp-json\/wp\/v2\/comments?post=1679"}],"wp:featuredmedia":[{"embeddable":true,"href":"https:\/\/blogdobrito.com\/loja\/wp-json\/wp\/v2\/media\/1688"}],"wp:attachment":[{"href":"https:\/\/blogdobrito.com\/loja\/wp-json\/wp\/v2\/media?parent=1679"}],"curies":[{"name":"wp","href":"https:\/\/api.w.org\/{rel}","templated":true}]}}