{"id":1498,"date":"2020-03-07T14:29:20","date_gmt":"2020-03-07T14:29:20","guid":{"rendered":"https:\/\/blogdobrito.com.br\/loja\/?post_type=product&#038;p=1498"},"modified":"2021-04-06T16:04:33","modified_gmt":"2021-04-06T16:04:33","slug":"jose-e-maria-30-anos-fazendo-arte","status":"publish","type":"product","link":"https:\/\/blogdobrito.com\/loja\/produto\/jose-e-maria-30-anos-fazendo-arte\/","title":{"rendered":"O filme de sua vida em anima\u00e7\u00e3o"},"content":{"rendered":"<p><iframe loading=\"lazy\" title=\"Jose\u0301 e Maria - 30 anos fazendo arte\" width=\"840\" height=\"473\" src=\"https:\/\/www.youtube.com\/embed\/8t-wcNXGGPE?feature=oembed\" frameborder=\"0\" allow=\"accelerometer; autoplay; clipboard-write; encrypted-media; gyroscope; picture-in-picture\" allowfullscreen><\/iframe><\/p>\n<p>&nbsp;<\/p>\n","protected":false},"excerpt":{"rendered":"<p><span style=\"color: #ff9900;\">No v\u00eddeo -ilustrativo -, a hist\u00f3ria dos jornalistas <span style=\"color: #000000;\"><strong>Brito e Silva<\/strong><\/span> e <span style=\"color: #000000;\"><strong>Maria<\/strong> <strong>do Socorro<\/strong><\/span>, em seus <span style=\"color: #000000;\"><strong>30 anos<\/strong><\/span> de vida juntos. Voc\u00ea tamb\u00e9m pode ter sua hist\u00f3ria contada em uma anima\u00e7\u00e3o, com dura\u00e7\u00e3o de no m\u00e1ximo tr\u00eas minutos, com dois personagens (o acr\u00e9scimo de mais personagens, ser\u00e1 negociado) com trilha sonora composta (letra e m\u00fasica) exclusiva, \u00e9 um registro que, certamente, marcar\u00e1 todos para sempre. Pode ser sua hist\u00f3ria de amor, filhos, netos ou mesmo de sua empresa. Basta entrar em contato atrav\u00e9s do WhatsApp 84 9982-4413 ou no e-mail blogdobrito@gmail.com<\/span><\/p>\n","protected":false},"featured_media":1499,"comment_status":"open","ping_status":"closed","template":"","meta":[],"_links":{"self":[{"href":"https:\/\/blogdobrito.com\/loja\/wp-json\/wp\/v2\/product\/1498"}],"collection":[{"href":"https:\/\/blogdobrito.com\/loja\/wp-json\/wp\/v2\/product"}],"about":[{"href":"https:\/\/blogdobrito.com\/loja\/wp-json\/wp\/v2\/types\/product"}],"replies":[{"embeddable":true,"href":"https:\/\/blogdobrito.com\/loja\/wp-json\/wp\/v2\/comments?post=1498"}],"wp:featuredmedia":[{"embeddable":true,"href":"https:\/\/blogdobrito.com\/loja\/wp-json\/wp\/v2\/media\/1499"}],"wp:attachment":[{"href":"https:\/\/blogdobrito.com\/loja\/wp-json\/wp\/v2\/media?parent=1498"}],"curies":[{"name":"wp","href":"https:\/\/api.w.org\/{rel}","templated":true}]}}