{"id":1454,"date":"2020-02-26T16:35:17","date_gmt":"2020-02-26T16:35:17","guid":{"rendered":"https:\/\/blogdobrito.com.br\/loja\/?post_type=product&#038;p=1454"},"modified":"2021-04-06T16:06:52","modified_gmt":"2021-04-06T16:06:52","slug":"jangada-vermelha-serie-marinhas","status":"publish","type":"product","link":"https:\/\/blogdobrito.com\/loja\/produto\/jangada-vermelha-serie-marinhas\/","title":{"rendered":"Jangada Vermelha &#8211; S\u00e9rie &#8220;Marinhas&#8221;"},"content":{"rendered":"","protected":false},"excerpt":{"rendered":"<p>Desenho vetorial <span style=\"color: #000000;\">Jangada Vermelha<\/span> colorida da S\u00e9rie, \u201cMarinhas\u201d, criado pelo cartunista Brito e Silva. A partir da identifica\u00e7\u00e3o do pagamento, o arquivo em JPEG, estar\u00e1 dispon\u00edvel para download em alta resolu\u00e7\u00e3o:<\/p>\n<p><span style=\"color: #000000;\"><strong>S\u00e3o 5 quadros:<\/strong>\u00a0<span style=\"color: #ff9900;\"><a style=\"color: #ff9900;\" href=\"https:\/\/blogdobrito.com.br\/loja\/produto\/cesto\/\">Cesto<\/a> \u2013 <a style=\"color: #ff9900;\" href=\"https:\/\/blogdobrito.com.br\/loja\/produto\/carranca-serie-marinhas\/\">Carranca<\/a> \u2013 <a style=\"color: #ff9900;\" href=\"https:\/\/blogdobrito.com.br\/loja\/produto\/gaivotas-serie-marinhas\/\">Gaivotas<\/a><\/span> \u2013 Jangada Vermelha \u2013 <span style=\"color: #ff9900;\"><a style=\"color: #ff9900;\" href=\"ttps:\/\/blogdobrito.com.br\/loja\/produto\/pescador-serie-marinhas\/\">Pescador<\/a><\/span><\/span><\/p>\n","protected":false},"featured_media":1455,"comment_status":"open","ping_status":"closed","template":"","meta":[],"_links":{"self":[{"href":"https:\/\/blogdobrito.com\/loja\/wp-json\/wp\/v2\/product\/1454"}],"collection":[{"href":"https:\/\/blogdobrito.com\/loja\/wp-json\/wp\/v2\/product"}],"about":[{"href":"https:\/\/blogdobrito.com\/loja\/wp-json\/wp\/v2\/types\/product"}],"replies":[{"embeddable":true,"href":"https:\/\/blogdobrito.com\/loja\/wp-json\/wp\/v2\/comments?post=1454"}],"wp:featuredmedia":[{"embeddable":true,"href":"https:\/\/blogdobrito.com\/loja\/wp-json\/wp\/v2\/media\/1455"}],"wp:attachment":[{"href":"https:\/\/blogdobrito.com\/loja\/wp-json\/wp\/v2\/media?parent=1454"}],"curies":[{"name":"wp","href":"https:\/\/api.w.org\/{rel}","templated":true}]}}