{"id":1450,"date":"2020-02-26T16:20:07","date_gmt":"2020-02-26T16:20:07","guid":{"rendered":"https:\/\/blogdobrito.com.br\/loja\/?post_type=product&#038;p=1450"},"modified":"2021-04-06T16:08:06","modified_gmt":"2021-04-06T16:08:06","slug":"gaivotas-serie-marinhas","status":"publish","type":"product","link":"https:\/\/blogdobrito.com\/loja\/produto\/gaivotas-serie-marinhas\/","title":{"rendered":"Gaivotas &#8211; S\u00e9rie &#8220;Marinhas&#8221;"},"content":{"rendered":"","protected":false},"excerpt":{"rendered":"<p>Desenho vetorial <span style=\"color: #000000;\">Gaivotas<\/span> colorida da S\u00e9rie, \u201cMarinhas\u201d, criado pelo cartunista Brito e Silva. A partir da identifica\u00e7\u00e3o do pagamento, o arquivo em JPEG, estar\u00e1 dispon\u00edvel para download em alta resolu\u00e7\u00e3o:<\/p>\n<p><span style=\"color: #000000;\"><strong>S\u00e3o 5 quadros:<\/strong><span style=\"color: #ff9900;\">\u00a0<a style=\"color: #ff9900;\" href=\"https:\/\/blogdobrito.com.br\/loja\/produto\/cesto\/\">Cesto<\/a> \u2013 <a style=\"color: #ff9900;\" href=\"https:\/\/blogdobrito.com.br\/loja\/produto\/carranca-serie-marinhas\/\">Carranca <\/a>\u2013 <span style=\"color: #000000;\">Gaivotas <\/span>\u2013 <a style=\"color: #ff9900;\" href=\"https:\/\/blogdobrito.com.br\/loja\/produto\/jangada-vermelha-serie-marinhas\/\">Jangada Vermelha<\/a> \u2013 <a style=\"color: #ff9900;\" href=\"https:\/\/blogdobrito.com.br\/loja\/produto\/pescador-serie-marinhas\/\">Pescador<\/a><\/span><\/span><\/p>\n","protected":false},"featured_media":1451,"comment_status":"open","ping_status":"closed","template":"","meta":[],"_links":{"self":[{"href":"https:\/\/blogdobrito.com\/loja\/wp-json\/wp\/v2\/product\/1450"}],"collection":[{"href":"https:\/\/blogdobrito.com\/loja\/wp-json\/wp\/v2\/product"}],"about":[{"href":"https:\/\/blogdobrito.com\/loja\/wp-json\/wp\/v2\/types\/product"}],"replies":[{"embeddable":true,"href":"https:\/\/blogdobrito.com\/loja\/wp-json\/wp\/v2\/comments?post=1450"}],"wp:featuredmedia":[{"embeddable":true,"href":"https:\/\/blogdobrito.com\/loja\/wp-json\/wp\/v2\/media\/1451"}],"wp:attachment":[{"href":"https:\/\/blogdobrito.com\/loja\/wp-json\/wp\/v2\/media?parent=1450"}],"curies":[{"name":"wp","href":"https:\/\/api.w.org\/{rel}","templated":true}]}}