{"id":1437,"date":"2020-02-26T15:27:46","date_gmt":"2020-02-26T15:27:46","guid":{"rendered":"https:\/\/blogdobrito.com.br\/loja\/?post_type=product&#038;p=1437"},"modified":"2021-04-06T16:10:20","modified_gmt":"2021-04-06T16:10:20","slug":"cesto","status":"publish","type":"product","link":"https:\/\/blogdobrito.com\/loja\/produto\/cesto\/","title":{"rendered":"Cesto &#8211; S\u00e9rie &#8220;Marinhas&#8221;"},"content":{"rendered":"","protected":false},"excerpt":{"rendered":"<p>Desenho vetorial Cesto colorida da S\u00e9rie, \u201cMarinhas\u201d, criado pelo cartunista Brito e Silva. A partir da identifica\u00e7\u00e3o do pagamento, o arquivo em JPEG, estar\u00e1 dispon\u00edvel para download em alta resolu\u00e7\u00e3o:<\/p>\n<p><span style=\"color: #000000;\"><strong>S\u00e3o 5 quadros:<\/strong>\u00a0Cesto &#8211; <span style=\"color: #ff9900;\"><a style=\"color: #ff9900;\" href=\"https:\/\/blogdobrito.com.br\/loja\/produto\/carranca-serie-marinhas\/\">Carranca<\/a> &#8211; <a style=\"color: #ff9900;\" href=\"https:\/\/blogdobrito.com.br\/loja\/produto\/gaivotas-serie-marinhas\/\">Gaivotas<\/a> &#8211; <a style=\"color: #ff9900;\" href=\"https:\/\/blogdobrito.com.br\/loja\/produto\/jangada-vermelha-serie-marinhas\/\">Jangada Vermelha<\/a> &#8211; <a style=\"color: #ff9900;\" href=\"https:\/\/blogdobrito.com.br\/loja\/produto\/pescador-serie-marinhas\/\">Pescador<\/a><\/span><\/span><\/p>\n","protected":false},"featured_media":1440,"comment_status":"open","ping_status":"closed","template":"","meta":[],"_links":{"self":[{"href":"https:\/\/blogdobrito.com\/loja\/wp-json\/wp\/v2\/product\/1437"}],"collection":[{"href":"https:\/\/blogdobrito.com\/loja\/wp-json\/wp\/v2\/product"}],"about":[{"href":"https:\/\/blogdobrito.com\/loja\/wp-json\/wp\/v2\/types\/product"}],"replies":[{"embeddable":true,"href":"https:\/\/blogdobrito.com\/loja\/wp-json\/wp\/v2\/comments?post=1437"}],"wp:featuredmedia":[{"embeddable":true,"href":"https:\/\/blogdobrito.com\/loja\/wp-json\/wp\/v2\/media\/1440"}],"wp:attachment":[{"href":"https:\/\/blogdobrito.com\/loja\/wp-json\/wp\/v2\/media?parent=1437"}],"curies":[{"name":"wp","href":"https:\/\/api.w.org\/{rel}","templated":true}]}}