{"id":1375,"date":"2020-02-24T14:20:14","date_gmt":"2020-02-24T14:20:14","guid":{"rendered":"https:\/\/blogdobrito.com.br\/loja\/?post_type=product&#038;p=1375"},"modified":"2021-04-06T16:18:59","modified_gmt":"2021-04-06T16:18:59","slug":"descendo-do-salto-serie-because-i-love-you","status":"publish","type":"product","link":"https:\/\/blogdobrito.com\/loja\/produto\/descendo-do-salto-serie-because-i-love-you\/","title":{"rendered":"Descendo do salto  &#8211;  S\u00e9rie  &#8220;Because, I Love You&#8221;."},"content":{"rendered":"","protected":false},"excerpt":{"rendered":"<p>Desenho vetorial colorida da S\u00e9rie, \u201cBecause, I love You\u201d, criado pelo cartunista Brito e Silva. A partir da identifica\u00e7\u00e3o do pagamento, o arquivo em JPEG, estar\u00e1 dispon\u00edvel para download em alta resolu\u00e7\u00e3o:<\/p>\n<p><span style=\"color: #ff6600;\"><a style=\"color: #ff6600;\" href=\"https:\/\/blogdobrito.com.br\/loja\/produto\/pernas-serie-because-i-love-you\/?preview_id=1385&amp;preview_nonce=cc22a7a422&amp;_thumbnail_id=1386&amp;preview=true\"><span style=\"color: #000000;\"><strong>S\u00e3o 8 quadros:<\/strong>\u00a0<\/span><\/a><a style=\"color: #ff6600;\" href=\"https:\/\/blogdobrito.com.br\/loja\/produto\/serie-because-i-love-you-quadro-ilustracao-vetorial\/?preview_id=1341&amp;preview_nonce=6fa7c036b6&amp;_thumbnail_id=1342&amp;preview=true\">No Salto<\/a><a style=\"color: #ff6600;\" href=\"https:\/\/blogdobrito.com.br\/loja\/produto\/pernas-serie-because-i-love-you\/?preview_id=1385&amp;preview_nonce=cc22a7a422&amp;_thumbnail_id=1386&amp;preview=true\">, <\/a><a style=\"color: #ff6600;\" href=\"https:\/\/blogdobrito.com.br\/loja\/produto\/de-pernas-pro-ar-serie-because-i-love-you\/?preview_id=1353&amp;preview_nonce=497098d689&amp;_thumbnail_id=1354&amp;preview=true\">De Pernas Pro Ar,<\/a><a style=\"color: #ff6600;\" href=\"https:\/\/blogdobrito.com.br\/loja\/produto\/pernas-pra-que-te-quero-serie-because-i-love-you\/?preview_id=1357&amp;preview_nonce=c5f3859b26&amp;_thumbnail_id=1361&amp;preview=true\">Pernas Pra Que Te Quero,<\/a> <a style=\"color: #ff6600;\" href=\"https:\/\/blogdobrito.com.br\/loja\/produto\/de-pontinha-de-pe-serie-because-i-love-you\/?preview_id=1364&amp;preview_nonce=8f910406b2&amp;_thumbnail_id=1365&amp;preview=true\">De Pontinha de P\u00e9<\/a>, <a style=\"color: #ff6600;\" href=\"https:\/\/blogdobrito.com.br\/loja\/produto\/red-serie-because-i-love-you\/?preview_id=1370&amp;preview_nonce=9a74653dfa&amp;_thumbnail_id=1371&amp;preview=true\">Red,<\/a> <span style=\"color: #000000;\">Descendo do Salto,<\/span><a style=\"color: #ff6600;\" href=\"https:\/\/blogdobrito.com.br\/loja\/produto\/pernas-serie-because-i-love-you\/?preview_id=1385&amp;preview_nonce=cc22a7a422&amp;_thumbnail_id=1386&amp;preview=true\">\u00a0<\/a><a style=\"color: #ff6600;\" href=\"https:\/\/blogdobrito.com.br\/loja\/produto\/no-salto-serie-because-i-love-you\/?preview_id=1379&amp;preview_nonce=d2a4922efc&amp;_thumbnail_id=1382&amp;preview=true\">No Salto<\/a><a style=\"color: #ff6600;\" href=\"https:\/\/blogdobrito.com.br\/loja\/produto\/pernas-serie-because-i-love-you\/?preview_id=1385&amp;preview_nonce=cc22a7a422&amp;_thumbnail_id=1386&amp;preview=true\">, <\/a><a style=\"color: #ff6600;\" href=\"https:\/\/blogdobrito.com.br\/loja\/produto\/pernas-serie-because-i-love-you\/?preview_id=1385&amp;preview_nonce=cc22a7a422&amp;_thumbnail_id=1386&amp;preview=true\">Pernas.<\/a><\/span><\/p>\n<p><span style=\"color: #000000;\"><strong>Obs<\/strong>: Proibida a reprodu\u00e7\u00e3o comercial<\/span>.<\/p>\n","protected":false},"featured_media":1376,"comment_status":"open","ping_status":"closed","template":"","meta":[],"_links":{"self":[{"href":"https:\/\/blogdobrito.com\/loja\/wp-json\/wp\/v2\/product\/1375"}],"collection":[{"href":"https:\/\/blogdobrito.com\/loja\/wp-json\/wp\/v2\/product"}],"about":[{"href":"https:\/\/blogdobrito.com\/loja\/wp-json\/wp\/v2\/types\/product"}],"replies":[{"embeddable":true,"href":"https:\/\/blogdobrito.com\/loja\/wp-json\/wp\/v2\/comments?post=1375"}],"wp:featuredmedia":[{"embeddable":true,"href":"https:\/\/blogdobrito.com\/loja\/wp-json\/wp\/v2\/media\/1376"}],"wp:attachment":[{"href":"https:\/\/blogdobrito.com\/loja\/wp-json\/wp\/v2\/media?parent=1375"}],"curies":[{"name":"wp","href":"https:\/\/api.w.org\/{rel}","templated":true}]}}