{"id":1353,"date":"2020-02-24T12:57:00","date_gmt":"2020-02-24T12:57:00","guid":{"rendered":"https:\/\/blogdobrito.com.br\/loja\/?post_type=product&#038;p=1353"},"modified":"2021-04-06T16:27:34","modified_gmt":"2021-04-06T16:27:34","slug":"de-pernas-pro-ar-serie-because-i-love-you","status":"publish","type":"product","link":"https:\/\/blogdobrito.com\/loja\/produto\/de-pernas-pro-ar-serie-because-i-love-you\/","title":{"rendered":"De pernas pro ar  &#8211;  S\u00e9rie  &#8220;Because, I Love You&#8221;."},"content":{"rendered":"","protected":false},"excerpt":{"rendered":"<p>Desenho vetorial colorida da S\u00e9rie, \u201cBecause, I love You\u201d, criado pelo cartunista Brito e Silva. A partir da identifica\u00e7\u00e3o do pagamento, o arquivo em JPEG, estar\u00e1 dispon\u00edvel para download em alta resolu\u00e7\u00e3o:<span style=\"color: #ff6600;\">\u00a0<\/span><\/p>\n<p><span style=\"color: #000000;\"><strong>S\u00e3o 8 quadros:<\/strong><\/span><span style=\"color: #ff6600;\">\u00a0<a style=\"color: #ff6600;\" href=\"https:\/\/blogdobrito.com.br\/loja\/produto\/serie-because-i-love-you-quadro-ilustracao-vetorial\/?preview_id=1341&amp;preview_nonce=6fa7c036b6&amp;_thumbnail_id=1342&amp;preview=true\">No Salto<\/a>, <span style=\"color: #000000;\">De Pernas Pro Ar,<\/span> <a style=\"color: #ff6600;\" href=\"https:\/\/blogdobrito.com.br\/loja\/produto\/pernas-pra-que-te-quero-serie-because-i-love-you\/?preview_id=1357&amp;preview_nonce=c5f3859b26&amp;_thumbnail_id=1358&amp;preview=true\">Pernas Pra Que Te Quero<\/a>, <a style=\"color: #ff6600;\" href=\"https:\/\/blogdobrito.com.br\/loja\/produto\/de-pontinha-de-pe-serie-because-i-love-you\/\">De Pontinha de P\u00e9<\/a>, <a style=\"color: #ff6600;\" href=\"https:\/\/blogdobrito.com.br\/loja\/produto\/red-serie-because-i-love-you\/?preview_id=1370&amp;preview_nonce=9a74653dfa&amp;_thumbnail_id=1371&amp;preview=true\">Red<\/a>, <a style=\"color: #ff6600;\" href=\"https:\/\/blogdobrito.com.br\/loja\/produto\/descendo-do-salto-serie-because-i-love-you\/?preview_id=1375&amp;preview_nonce=d28be46488&amp;_thumbnail_id=1376&amp;preview=true\">Descendo do Salto,<\/a>\u00a0<a style=\"color: #ff6600;\" href=\"https:\/\/blogdobrito.com.br\/loja\/produto\/no-salto-serie-because-i-love-you\/?preview_id=1379&amp;preview_nonce=d2a4922efc&amp;_thumbnail_id=1382&amp;preview=true\">No Salto<\/a>, <a style=\"color: #ff6600;\" href=\"https:\/\/blogdobrito.com.br\/loja\/produto\/pernas-serie-because-i-love-you\/?preview_id=1385&amp;preview_nonce=cc22a7a422&amp;_thumbnail_id=1386&amp;preview=true\">Pernas<\/a><\/span><\/p>\n<p><span style=\"color: #000000;\"><strong>Obs<\/strong>: Proibida a reprodu\u00e7\u00e3o comercial.<\/span><\/p>\n","protected":false},"featured_media":1354,"comment_status":"open","ping_status":"closed","template":"","meta":[],"_links":{"self":[{"href":"https:\/\/blogdobrito.com\/loja\/wp-json\/wp\/v2\/product\/1353"}],"collection":[{"href":"https:\/\/blogdobrito.com\/loja\/wp-json\/wp\/v2\/product"}],"about":[{"href":"https:\/\/blogdobrito.com\/loja\/wp-json\/wp\/v2\/types\/product"}],"replies":[{"embeddable":true,"href":"https:\/\/blogdobrito.com\/loja\/wp-json\/wp\/v2\/comments?post=1353"}],"wp:featuredmedia":[{"embeddable":true,"href":"https:\/\/blogdobrito.com\/loja\/wp-json\/wp\/v2\/media\/1354"}],"wp:attachment":[{"href":"https:\/\/blogdobrito.com\/loja\/wp-json\/wp\/v2\/media?parent=1353"}],"curies":[{"name":"wp","href":"https:\/\/api.w.org\/{rel}","templated":true}]}}