{"id":1334,"date":"2020-02-23T22:29:14","date_gmt":"2020-02-23T22:29:14","guid":{"rendered":"https:\/\/blogdobrito.com.br\/loja\/?post_type=product&#038;p=1334"},"modified":"2021-04-06T16:31:27","modified_gmt":"2021-04-06T16:31:27","slug":"dickson-nasser-realismo","status":"publish","type":"product","link":"https:\/\/blogdobrito.com\/loja\/produto\/dickson-nasser-realismo\/","title":{"rendered":"Caricatura de Dickson Nasser &#8211; Realismo."},"content":{"rendered":"","protected":false},"excerpt":{"rendered":"<p>Caricatura do ex-vereador de Natal feita para uma exposi\u00e7\u00e3o.<\/p>\n<p>\u2026\u2026\u2026\u2026\u2026\u2026\u2026\u2026\u2026\u2026\u2026\u2026\u2026\u2026\u2026\u2026\u2026\u2026\u2026\u2026\u2026\u2026\u2026\u2026\u2026\u2026\u2026\u2026\u2026\u2026\u2026.<\/p>\n<p><strong>Obs: <\/strong>Voc\u00ea tamb\u00e9m pode ter sua caricatura realismo colorida, na promo\u00e7\u00e3o da Black Friday, com 25% de descontos, de R$ 300,00 por R$ 225,00. Basta entrar em contato pelo e-mail<strong>blogdobrito@gmail.com<\/strong><\/p>\n","protected":false},"featured_media":1335,"comment_status":"open","ping_status":"closed","template":"","meta":[],"_links":{"self":[{"href":"https:\/\/blogdobrito.com\/loja\/wp-json\/wp\/v2\/product\/1334"}],"collection":[{"href":"https:\/\/blogdobrito.com\/loja\/wp-json\/wp\/v2\/product"}],"about":[{"href":"https:\/\/blogdobrito.com\/loja\/wp-json\/wp\/v2\/types\/product"}],"replies":[{"embeddable":true,"href":"https:\/\/blogdobrito.com\/loja\/wp-json\/wp\/v2\/comments?post=1334"}],"wp:featuredmedia":[{"embeddable":true,"href":"https:\/\/blogdobrito.com\/loja\/wp-json\/wp\/v2\/media\/1335"}],"wp:attachment":[{"href":"https:\/\/blogdobrito.com\/loja\/wp-json\/wp\/v2\/media?parent=1334"}],"curies":[{"name":"wp","href":"https:\/\/api.w.org\/{rel}","templated":true}]}}