{"id":1330,"date":"2020-02-23T22:04:24","date_gmt":"2020-02-23T22:04:24","guid":{"rendered":"https:\/\/blogdobrito.com.br\/loja\/?post_type=product&#038;p=1330"},"modified":"2021-04-06T16:32:23","modified_gmt":"2021-04-06T16:32:23","slug":"angelina-jolie-realismo","status":"publish","type":"product","link":"https:\/\/blogdobrito.com\/loja\/produto\/angelina-jolie-realismo\/","title":{"rendered":"Caricatura de Angelina Jolie &#8211; Realismo."},"content":{"rendered":"","protected":false},"excerpt":{"rendered":"<p>Caricatura realismo da atriz\/cineasta americana Angelina Jolie, desenhada pelo cartunista Brito e Silva. A partir do momento da identifica\u00e7\u00e3o do pagamento, o arquivo em JPEG, estar\u00e1 dispon\u00edvel para download em alta resolu\u00e7\u00e3o.<\/p>\n<p><span style=\"color: #000000;\"><strong>Obs<\/strong>: Proibida a reprodu\u00e7\u00e3o comercial.<\/span><\/p>\n<p>&#8230;&#8230;&#8230;&#8230;&#8230;&#8230;&#8230;&#8230;&#8230;&#8230;&#8230;&#8230;&#8230;&#8230;&#8230;&#8230;&#8230;&#8230;&#8230;&#8230;&#8230;&#8230;&#8230;&#8230;&#8230;&#8230;&#8230;&#8230;&#8230;&#8230;&#8230;.<\/p>\n<p><strong>Obs: <\/strong>Voc\u00ea tamb\u00e9m pode ter sua caricatura realismo colorida ao custo de R$ 300,00. Basta entrar em contato pelo e-mail<strong> blogdobrito@gmail.com<\/strong><\/p>\n","protected":false},"featured_media":1332,"comment_status":"open","ping_status":"closed","template":"","meta":[],"_links":{"self":[{"href":"https:\/\/blogdobrito.com\/loja\/wp-json\/wp\/v2\/product\/1330"}],"collection":[{"href":"https:\/\/blogdobrito.com\/loja\/wp-json\/wp\/v2\/product"}],"about":[{"href":"https:\/\/blogdobrito.com\/loja\/wp-json\/wp\/v2\/types\/product"}],"replies":[{"embeddable":true,"href":"https:\/\/blogdobrito.com\/loja\/wp-json\/wp\/v2\/comments?post=1330"}],"wp:featuredmedia":[{"embeddable":true,"href":"https:\/\/blogdobrito.com\/loja\/wp-json\/wp\/v2\/media\/1332"}],"wp:attachment":[{"href":"https:\/\/blogdobrito.com\/loja\/wp-json\/wp\/v2\/media?parent=1330"}],"curies":[{"name":"wp","href":"https:\/\/api.w.org\/{rel}","templated":true}]}}